{"id":20,"date":"2007-10-24T13:46:18","date_gmt":"2007-10-24T11:46:18","guid":{"rendered":"http:\/\/www.venturap.org\/?page_id=20"},"modified":"2007-10-24T13:46:18","modified_gmt":"2007-10-24T11:46:18","slug":"il-culo-di-renato","status":"publish","type":"page","link":"https:\/\/www.venturap.org\/index.php\/il-culo-di-renato\/","title":{"rendered":"Il culo di Renato"},"content":{"rendered":"<p>Stamattina hanno suonato alla porta. Sono andato ad aprire, e c&#8217;era una coppia dall&#8217;aspetto ben curato e vestita con eleganza. Il primo a parlare \u00e8 stato lui:<\/p>\n<p>&#8220;Ciao! Io sono Giovanni, e questa \u00e8 Maria&#8221;.<\/p>\n<p>Maria: &#8220;Ciao! Siamo venuti ad invitarti a venire con noi a baciare il culo a Renato&#8221;.<\/p>\n<p>Io: &#8220;Come? Di che state parlando? Chi \u00e8 Renato, e perch\u00e9 dovrei baciargli il culo?&#8221;<\/p>\n<p>Giovanni: &#8220;Se baci il culo a Renato, lui ti dar\u00e0 un milione di Euro; se no, ti pester\u00e0 di santa ragione&#8221;.<\/p>\n<p>Io: &#8220;Eh? Cos&#8217;\u00e8, una specie di candid camera?&#8221;<\/p>\n<p>Giovanni: &#8220;Renato \u00e8 un filantropo miliardario. E&#8217; stato Renato a costruire questa citt\u00e0. Pu\u00f2 fare tutto quello che vuole, e quello che vuole \u00e8 darti un milione di Euro. Ma non pu\u00f2 dartelo finch\u00e9 non gli baci il culo&#8221;.<\/p>\n<p>Io: &#8220;Questa storia non ha senso. Perch\u00e9 mai&#8230;&#8221;<\/p>\n<p>Maria: &#8220;Chi sei tu per fare questioni sul dono di Renato? Non vuoi un milione di Euro? Non vale un bacetto sul culo?&#8221;<\/p>\n<p>Io: &#8220;Beh, in effetti, se \u00e8 legale&#8230; ma&#8230;&#8221;<\/p>\n<p>Giovanni: &#8220;E allora vieni con noi a baciare il culo a Renato!&#8221;<\/p>\n<p>Io: &#8220;Glielo baciate spesso il culo, a Renato?&#8221;<\/p>\n<p>Maria: &#8220;Oh, s\u00ec, in continuazione&#8230;&#8221;<\/p>\n<p>Io: &#8220;E ve l&#8217;ha dato il milione di Euro?&#8221;<\/p>\n<p>Giovanni: &#8220;Beh, no. I soldi non li prendi finch\u00e9 non lasci la citt\u00e0&#8221;.<\/p>\n<p>Io: &#8220;E allora perch\u00e9 non lasciate la citt\u00e0 adesso, e via?&#8221;<\/p>\n<p>Maria: &#8220;Non puoi andartene finch\u00e9 non te lo dice Renato, altrimenti non prendi i soldi, e lui ti pesta di santa ragione&#8221;.<\/p>\n<p>Io: &#8220;Conoscete qualcuno che abbia baciato il culo a Renato, lasciato la citt\u00e0, e ricevuto il milione di Euro?&#8221;<\/p>\n<p>Giovanni: &#8220;Mia madre ha baciato il culo a Renato per anni. Ha lasciato la citt\u00e0 l&#8217;anno scorso, e sono sicuro che ha avuto i soldi&#8221;.<\/p>\n<p>Io: &#8220;Non le hai pi\u00f9 parlato da allora?&#8221;<\/p>\n<p>Giovanni: &#8220;Certo che no! Renato non lo permette!&#8221;<\/p>\n<p>Io: &#8220;E allora cos&#8217;\u00e8 che ti fa pensare che lui ti dar\u00e0 davvero i soldi, dato che non hai mai parlato con qualcuno che li abbia effettivamente avuti?&#8221;<\/p>\n<p>Maria: &#8220;Beh, ti d\u00e0 un piccolo anticipo prima che tu te ne vada. Magari avrai un aumento di stipendio, magari vincerai una lotteria rionale, magari troverai semplicemente una banconota da venti Euro per terra&#8221;.<\/p>\n<p>Io: &#8220;E cosa c&#8217;entra questa roba con Renato?&#8221;<\/p>\n<p>Giovanni: &#8220;Renato ha degli &#8216;agganci&#8217;&#8230;&#8221;<\/p>\n<p>Io: &#8220;Scusate, ma questo mi sembra solo una specie di scherzo elaborato.&#8221;<\/p>\n<p>Giovanni: &#8220;Ma si parla di un milione di Euro! Non pensi che valga la pena correre il rischio? E ricorda: se non baci il culo a Renato, lui ti pester\u00e0 di santa ragione&#8221;.<\/p>\n<p>Io: &#8220;Magari, se potessi vedere Renato, parlargli, farmi dare i dettagli direttamente da lui&#8230;&#8221;<\/p>\n<p>Maria: &#8220;Nessuno vede Renato, nessuno parla con Renato&#8221;.<\/p>\n<p>Io: &#8220;E allora come fate a baciargli il culo?&#8221;<\/p>\n<p>Giovanni: &#8220;A volte mandiamo un bacio con le dita e pensiamo al suo culo. Altre volte, baciamo il culo a Carlo, e lui gli porta il bacio&#8221;.<\/p>\n<p>Io: &#8220;Chi \u00e8 Carlo?&#8221;<\/p>\n<p>Maria: &#8220;Un nostro amico. E&#8217; quello che ci ha insegnato tutto sul baciare il culo a Renato. E tutto quello che abbiamo dovuto fare \u00e8 stato portarlo a cena qualche volta&#8221;.<\/p>\n<p>Io: &#8220;E quando ha detto che c&#8217;\u00e8 un Renato, che Renato voleva che gli baciaste il culo, e che Renato vi avrebbe ricompensati, voi, semplicemente, avete preso le sue parole per buone?&#8221;<\/p>\n<p>Giovanni: &#8220;Oh, no! Carlo ha una lettera che Renato gli ha mandato anni fa, e dove viene spiegata tutta la faccenda. Eccotene una copia: giudica tu stesso&#8221;.<\/p>\n<p>Giovanni mi ha dato la fotocopia di un biglietto, scritto a mano su un foglio di carta intestata &#8220;dalla scrivania di Carlo&#8221;. C&#8217;era una lista di undici punti:<\/p>\n<p><strong>Dalla scrivania di Carlo<br \/>\n1- Bacia il culo di Renato e lui ti dar\u00e0 un milione di euro quando te ne andrai dalla citt\u00e0.<br \/>\n2- Fai uso di alcolici con moderazione.<br \/>\n3- Pesta di santa ragione quelli che non sono come te.<br \/>\n4- Segui una dieta equilibrata.<br \/>\n5- E&#8217; stato Renato in persona a dettare questa lista.<br \/>\n6- La Luna \u00e8 fatta di formaggio verde.<br \/>\n7- Qualunque cosa dica, Renato ha sempre ragione.<br \/>\n8- Lavati le mani dopo che sei andato in bagno.<br \/>\n9- Non bere.<br \/>\n10- Mangia i W\u00fcrstel in un panino, senza alcun condimento.<br \/>\n11- Bacia il culo a Renato o lui ti pester\u00e0 di santa ragione.<\/strong><\/p>\n<p>Io: &#8220;Mah, a me sembra che questo sia stato scritto sulla carta intestata di Carlo&#8221;.<\/p>\n<p>Maria: &#8220;Renato non aveva carta&#8221;.<\/p>\n<p>Io: &#8220;Ho il sospetto che, se facessimo un controllo, scopriremmo che questa \u00e8 la calligrafia di Carlo&#8221;.<\/p>\n<p>Giovanni: &#8220;E&#8217; ovvio! Glie l&#8217;ha dettata Renato!&#8221;<\/p>\n<p>Io: &#8220;Pensavo che aveste detto che nessuno riesce a vedere Renato&#8230;&#8221;<\/p>\n<p>Maria: &#8220;Adesso no, ma qualche anno fa in effetti parlava con un po&#8217; di gente&#8221;.<\/p>\n<p>Io: &#8220;Pensavo che aveste detto che era un filantropo. Che razza di filantropo \u00e8 uno che pesta di santa ragione degli altri solo perch\u00e9 sono diversi?&#8221;<\/p>\n<p>Maria: &#8220;E&#8217; quello che vuole Renato, e Renato ha sempre ragione&#8221;.<\/p>\n<p>Io: &#8220;Come fate a saperlo?&#8221;<\/p>\n<p>Maria: &#8220;Il punto 7 dice: `Qualunque cosa dica, Renato ha sempre ragione&#8217;. A me, tanto basta&#8221;.<\/p>\n<p>Io: &#8220;Magari il vostro amico Carlo si \u00e8 semplicemente inventato tutta la faccenda&#8221;.<\/p>\n<p>Giovanni: &#8220;Non esiste! Il punto 5 dice che \u00e8 stato Renato in persona a dettare questa lista&#8217;. Inoltre, il punto 2 dice &#8216;Fai uso di alcolici con moderazione&#8217;, il punto 4 dice &#8216;Segui una dieta equilibrata&#8217;, ed il punto 8 dice &#8216;Lavati le mani dopo che sei andato in bagno&#8217;. Tutti sanno che queste sono cose vere e giuste, pertanto anche il resto deve essere vero.<\/p>\n<p>Io: &#8220;Ma il punto 9 dice &#8216;Non bere&#8217;, che non va tanto d&#8217;accordo col punto 2; ed il punto 6 dice &#8216;La Luna \u00e8 fatta di formaggio verde&#8217;, che \u00e8 chiaramente sbagliato&#8221;.<\/p>\n<p>Giovanni: &#8220;Non c&#8217;\u00e8 contraddizione tra i punti 9 e 2: il 9 semplicemente spiega ed integra il 2. E per quanto riguarda il 6, tu non sei mai stato sulla Luna, quindi non puoi esserne sicuro&#8221;.<\/p>\n<p>Io: &#8220;Gli scienziati hanno stabilito in maniera piuttosto precisa che la Luna \u00e8 fatta di roccia&#8230;&#8221;<\/p>\n<p>Maria: &#8220;Ma non sanno se la roccia \u00e8 venuta dalla Terra o dallo spazio profondo, pertanto potrebbe benissimo essere anche formaggio verde&#8221;.<\/p>\n<p>Io: &#8220;Non \u00e8 che io sia proprio un esperto, ma mi pare che la teoria che la Luna venga dalla Terra sia stata abbandonata. Inoltre, non sapere da dove \u00e8 venuta la roccia non la trasforma in formaggio&#8221;.<\/p>\n<p>Giovanni: &#8220;A-ha! Hai appena ammesso che gli scienziati si sbagliano! Noi invece sappiamo che Renato ha sempre ragione!&#8221;<\/p>\n<p>Io: &#8220;Ah s\u00ec?&#8221;<\/p>\n<p>Maria: &#8220;Certo che s\u00ec! Lo dice il punto 5&#8221;.<\/p>\n<p>Io: &#8220;Un attimo. Voi mi state dicendo che Renato ha sempre ragione perch\u00e9 lo dice la lista; che la lista \u00e8 veritiera perch\u00e9 l&#8217;ha dettata Renato; e che l&#8217;ha dettata Renato perch\u00e9 lo dice la lista. Questa \u00e8 logica circolare. E&#8217; esattamente come dire: &#8216;Renato ha ragione perch\u00e9 dice di aver ragione'&#8221;.<\/p>\n<p>Giovanni: &#8220;Hai afferrato in pieno! E&#8217; cos\u00ec gratificante, vedere qualcuno che si avvicina al pensiero di Renato!&#8221;<\/p>\n<p>Io: &#8220;Ma&#8230; aaaaaah, lasciamo perdere. Cos&#8217;\u00e8 quella storia dei W\u00fcrstel?&#8221;<\/p>\n<p>Maria arrossisce. Giovanni dice: &#8220;W\u00fcrstel, in un panino, niente condimenti. Questo \u00e8 il modo di mangiarli secondo Renato. Tutte le altre maniere sono sbagliate&#8221;.<\/p>\n<p>Io: &#8220;E se non ho un panino?&#8221;<\/p>\n<p>Giovanni: &#8220;Niente panino, niente W\u00fcrstel. Un W\u00fcrstel senza panino \u00e8 sbagliato&#8221;.<\/p>\n<p>Io: &#8220;Niente spezie? Niente senape?&#8221;<\/p>\n<p>Maria sembra molto colpita. Giovanni urla: &#8220;Non c&#8217;\u00e8 bisogno di usare un linguaggio simile! Ogni condimento \u00e8 sbagliato!&#8221;<\/p>\n<p>Io: &#8220;Quindi, una bella montagna di crauti con sopra dei W\u00fcrstel tagliati a pezzetti, sarebbe fuori discussione?&#8221;<\/p>\n<p>Maria si caccia le dita nelle orecchie: &#8220;Non voglio ascoltare! La la la la la la la&#8230;&#8221;<\/p>\n<p>Giovanni: &#8220;E&#8217; disgustoso! Solo un maniaco pervertito mangerebbe quella roba&#8230;&#8221;<\/p>\n<p>Io: &#8220;Ma \u00e8 buona! Io la mangio sempre&#8221;.<\/p>\n<p>Maria sviene. Giovanni la tira su: &#8220;Beh, se avessi saputo che eri uno di quelli, non avrei sprecato il mio tempo. Quando Renato ti pester\u00e0 di santa ragione, io sar\u00f2 l\u00ec a contarmi i miei soldi e a riderti in faccia. Bacer\u00f2 il culo a Renato per te, crautarolotaglia W\u00fcrstel senzapane!&#8221;<\/p>\n<p>Detto ci\u00f2, Giovanni si \u00e8 trascinato Maria fino alla macchina, ed \u00e8 partito sgommando.<\/p>\n<p>Qualcuno vuole del ketchup?<\/p>\n<p>&#8212;&#8212;&#8212;&#8212;&#8212;&#8212;&#8212;&#8212;&#8211;<\/p>\n<p>Adesso sostituite al nome Renato la parola Dio, al milione di dollari la parola Paradiso, alle bastonate la parola Inferno, al baciare il culo la parola pregare, alla parola W\u00fcrstel la parola sesso, alla parola panino la parola matrimonio, alla citt\u00e0 la parola mondo, e via cos\u00ec&#8230;<\/p>\n<p>Rif.: VNTRP20071024001<\/p>\n","protected":false},"excerpt":{"rendered":"<p>Stamattina hanno suonato alla porta. Sono andato ad aprire, e<\/p>\n","protected":false},"author":1,"featured_media":0,"parent":0,"menu_order":0,"comment_status":"open","ping_status":"open","template":"","meta":{"footnotes":""},"class_list":["post-20","page","type-page","status-publish","hentry"],"_links":{"self":[{"href":"https:\/\/www.venturap.org\/index.php\/wp-json\/wp\/v2\/pages\/20"}],"collection":[{"href":"https:\/\/www.venturap.org\/index.php\/wp-json\/wp\/v2\/pages"}],"about":[{"href":"https:\/\/www.venturap.org\/index.php\/wp-json\/wp\/v2\/types\/page"}],"author":[{"embeddable":true,"href":"https:\/\/www.venturap.org\/index.php\/wp-json\/wp\/v2\/users\/1"}],"replies":[{"embeddable":true,"href":"https:\/\/www.venturap.org\/index.php\/wp-json\/wp\/v2\/comments?post=20"}],"version-history":[{"count":0,"href":"https:\/\/www.venturap.org\/index.php\/wp-json\/wp\/v2\/pages\/20\/revisions"}],"wp:attachment":[{"href":"https:\/\/www.venturap.org\/index.php\/wp-json\/wp\/v2\/media?parent=20"}],"curies":[{"name":"wp","href":"https:\/\/api.w.org\/{rel}","templated":true}]}}