{"id":27,"date":"2007-11-10T20:44:17","date_gmt":"2007-11-10T19:44:17","guid":{"rendered":"http:\/\/www.venturap.org\/?page_id=27"},"modified":"2007-11-10T20:44:17","modified_gmt":"2007-11-10T19:44:17","slug":"paura-sottomissione-e-ricatto","status":"publish","type":"page","link":"https:\/\/www.venturap.org\/index.php\/paura-sottomissione-e-ricatto\/","title":{"rendered":"Paura, sottomissione e ricatto"},"content":{"rendered":"<p>Come capita a tutti nella vita, almeno credo, arriva il giorno in cui prendiamo coscienza di noi stessi e ci si comincia a fare domande su noi, sulle credenze e sulla vita.<\/p>\n<p>Ascoltando le persone che ci stanno vicino, ma soprattutto documentandosi  in maniera approfondita si arriva a creare un proprio modo di vedere le cose e vivere nel mondo.<\/p>\n<p>Sono stato cresciuto, come la maggior parte delle persone di questo paese, secondo lo stile educativo cattolico\/cristiano.<\/p>\n<p>Quindi sono stato battezzato quando ero incapace sia di intendere che di volere. Ho seguito il catechismo, sono andato a messa la domenica per diverso tempo ed ho fatto sia la comunione che la cresima, per\u00f2, il tutto senza capirne il reale senso e scopo.<\/p>\n<p>Non voglio certo biasimare i miei genitori ma ormai non riconosco pi\u00f9 miei i &#8220;valori&#8221; cattolici che mi sono stati insegnati da loro, dalla scuola e dai preti.<\/p>\n<p><strong>Religione = Paura<br \/>\nReligione = Sottomissione<br \/>\nReligione = Ricatto<\/strong><\/p>\n<p>Cercher\u00f2 di espandere nel miglior modo possibile i 3 punti qui sopra elencati:<\/p>\n<p><strong>Religione = Paura<\/strong><\/p>\n<p>Immaginiamo che io mi metta a far vedere  ad un bambino foto di morti violente, gente morta piena di sangue, un tipo che ne accoltella un altro, e cos\u00ec via&#8230;..<br \/>\nChiunque penserebbe che sono un pazzo e che non ho il diritto di allevare un bambino in questo modo. Sono convinto che qualcuno avrebbe anche il coraggio di denunciarmi.<\/p>\n<p>Ora cambiamo ambientazione&#8230;.mettiamo che io porti un bambino in chiesa tutte le domeniche ed in questa chiesa sono presenti quadri, mosaici e altro che raffigurano santi o angeli che uccido altre persone, che trafiggono con lance e spade altre persone.<br \/>\nVedendomi portare un bambino in chiesa tutte le domeniche sono convinto che nessuno avrebbe niente da dire in contrario.<\/p>\n<p>Ma analizziamo il problema di fondo, il bambino, in entrambi i casi, crescer\u00e0 spaventato da immagini crude e violente che non faranno altro che renderlo schiavo della sua paura inconscia.<\/p>\n<p>E&#8217; cos\u00ec che volete che cresca vostro figlio, spaventato da cose che non pu\u00f2 ne capire ne spiegarsi?<\/p>\n<p><strong>Religione = Sottomissione<\/strong><\/p>\n<p>Se al primo punto non sono stato abbastanza convincente vediamo quest&#8217;altro.<\/p>\n<p>Ammettiamo di mandare un bambino a catechismo. Il prete o chi per lui gli insegner\u00e0 varie cose sulla religione e tanti gesti rituali. Uno di questi gesti si chiama Genuflessione.<\/p>\n<p>Vediamo l&#8217;etimologia di questa parola:<\/p>\n<p><em>genufl\u00e8ttere = lat. GENUFL\u00e8CTERE &#8211; p.p. GENUFL\u00e8XUS &#8211; comp. di GENU-A &#8220;ginocchio&#8221; e FL\u00e8CTERE &#8220;piegare&#8221; (v. Flectere).<br \/>\nPiegare a terra il ginocchio e fine di adorazione, preghiera, supplicazione e simili.<br \/>\n<\/em><\/p>\n<p><em>Spiegazione tratta da <a href=\"http:\/\/www.etimo.it\/?term=genuflettere\">Etimo.it<\/a><\/em><\/p>\n<p>Io quindi dovrei vedere un bambino piegarsi in segno di adorazione, preghiera, supplica o simili davanti ad una croce a cui \u00e8 inchiodato un essere umano morto pieno di ferite e grondante di sangue. (e con questa parentesi ricolleghiamo anche il primo punto)<\/p>\n<p>Non so voi ma io non sopporto di vedere un essere umano, sia esso uomo, donna o bambino, umiliarsi cos\u00ec.<\/p>\n<p><strong>Religione = Ricatto<\/strong><\/p>\n<p>Ora integriamo i due punti precedenti con questo.<\/p>\n<p>Ammettiamo che sempre lo stesso bambino faccia una marachella, si sa i bambini si vogliono divertire, che il prete non reputa una buona cosa e lo rimprovera.<\/p>\n<p>&#8220;Figliolo queste cose non si fanno, se fai il cattivo ges\u00f9 non ti vuole pi\u00f9 bene e finisci all&#8217;inferno&#8221;.<\/p>\n<p>Allora cosa succede, il bambino si umilia raccontando i sui segreti al prete (confessione). Lui lo ammonisce dicendogli di non farlo pi\u00f9 altrimenti finir\u00e0 all&#8217;inferno (assoluzione) e lo condanna a recitare delle preghiere in ginocchio davanti alla croce (punizione).<\/p>\n<p>In conclusione il bambino o adulto che sia, si <strong>sottomette <\/strong>al <strong>ricatto <\/strong>religioso per <strong>paura <\/strong>di finire all&#8217;inferno.<\/p>\n<p>In questo modo si diventa schiavi di un sistema sin da bambini e una volta cresciuti e molto difficile uscirne fuori.<\/p>\n<p>Si parla tanto delle tante sette che plagiano la gente e che la costringono a sborsare denaro o a sottomettersi sessualmente.<\/p>\n<p>Ma che differenza c&#8217;\u00e8 tra queste sette e la chiesa cattolica?<\/p>\n<p>La chiesa cattolica plagia le persone fin da bambini, estorce denaro in ogni modo possibile (8 x 1000, esenzione tasse, ecc..) ed in molti casi abusa sessualmente di bambini, donne e anche suore.<\/p>\n<p>Sono una persona che ragiona scientificamente e razionalmente, vivo ponendomi domande e mi impegno a cercare risposte.<\/p>\n<p>Se ad una domanda mi si risponde che devo avere fede allora significa o che ho fatto la domanda sbagliata o che l&#8217;oggetto della domanda non esiste.<\/p>\n<p>Per quanto possa essere difficile trovarla c&#8217;\u00e8 sempre una risposta ad ogni domanda.<\/p>\n<p>Concludo dicendo che ognuno \u00e8 libero di credere in quello che vuole fintanto che non venga lesa la libert\u00e0 o i diritti altrui, e secondo me la chiesa lede sia la libert\u00e0 che i diritti di tutti quei bravi cittadini che lavorano per sostentare la propria famiglia e che pagano regolarmente le tasse.<\/p>\n<p>Rif.: VNTRP20071110002<\/p>\n","protected":false},"excerpt":{"rendered":"<p>Come capita a tutti nella vita, almeno credo, arriva il<\/p>\n","protected":false},"author":1,"featured_media":0,"parent":0,"menu_order":0,"comment_status":"open","ping_status":"open","template":"","meta":{"footnotes":""},"class_list":["post-27","page","type-page","status-publish","hentry"],"_links":{"self":[{"href":"https:\/\/www.venturap.org\/index.php\/wp-json\/wp\/v2\/pages\/27"}],"collection":[{"href":"https:\/\/www.venturap.org\/index.php\/wp-json\/wp\/v2\/pages"}],"about":[{"href":"https:\/\/www.venturap.org\/index.php\/wp-json\/wp\/v2\/types\/page"}],"author":[{"embeddable":true,"href":"https:\/\/www.venturap.org\/index.php\/wp-json\/wp\/v2\/users\/1"}],"replies":[{"embeddable":true,"href":"https:\/\/www.venturap.org\/index.php\/wp-json\/wp\/v2\/comments?post=27"}],"version-history":[{"count":0,"href":"https:\/\/www.venturap.org\/index.php\/wp-json\/wp\/v2\/pages\/27\/revisions"}],"wp:attachment":[{"href":"https:\/\/www.venturap.org\/index.php\/wp-json\/wp\/v2\/media?parent=27"}],"curies":[{"name":"wp","href":"https:\/\/api.w.org\/{rel}","templated":true}]}}